{"id":1290,"date":"2024-01-10T16:48:57","date_gmt":"2024-01-10T15:48:57","guid":{"rendered":"https:\/\/spvsecurite.fr\/?page_id=1290"},"modified":"2026-02-26T12:34:46","modified_gmt":"2026-02-26T11:34:46","slug":"securite-incendie","status":"publish","type":"page","link":"https:\/\/spvsecurite.fr\/index.php\/securite-incendie\/","title":{"rendered":"S\u00e9curit\u00e9 incendie"},"content":{"rendered":"<p><div class=\"fusion-fullwidth fullwidth-box fusion-builder-row-1 fusion-flex-container has-pattern-background has-mask-background hundred-percent-fullwidth non-hundred-percent-height-scrolling\" style=\"--awb-border-radius-top-left:0px;--awb-border-radius-top-right:0px;--awb-border-radius-bottom-right:0px;--awb-border-radius-bottom-left:0px;--awb-padding-top:10vw;--awb-background-color:var(--awb-color2);--awb-background-image:linear-gradient(180deg, hsla(var(--awb-color2-h),var(--awb-color2-s),calc(var(--awb-color2-l) - 5%),calc(var(--awb-color2-a) - 40%)) 0%,hsla(var(--awb-color2-h),var(--awb-color2-s),calc(var(--awb-color2-l) - 5%),calc(var(--awb-color2-a) - 40%)) 100%);--awb-flex-wrap:wrap;\" ><div class=\"fusion-builder-row fusion-row fusion-flex-align-items-flex-start fusion-flex-content-wrap\" style=\"width:104% !important;max-width:104% !important;margin-left: calc(-4% \/ 2 );margin-right: calc(-4% \/ 2 );\"><div class=\"fusion-layout-column fusion_builder_column fusion-builder-column-0 fusion_builder_column_1_1 1_1 fusion-flex-column\" style=\"--awb-bg-size:cover;--awb-width-large:100%;--awb-margin-top-large:0px;--awb-spacing-right-large:1.92%;--awb-margin-bottom-large:0px;--awb-spacing-left-large:1.92%;--awb-width-medium:100%;--awb-order-medium:0;--awb-spacing-right-medium:1.92%;--awb-spacing-left-medium:1.92%;--awb-width-small:100%;--awb-order-small:0;--awb-spacing-right-small:1.92%;--awb-spacing-left-small:1.92%;\"><div class=\"fusion-column-wrapper fusion-column-has-shadow fusion-flex-justify-content-flex-start fusion-content-layout-column\"><div class=\"fusion-title title fusion-title-1 fusion-title-center fusion-title-text fusion-title-size-one\" style=\"--awb-text-color:var(--awb-color7);--awb-margin-bottom:0px;--awb-font-size:60px;\"><div class=\"title-sep-container title-sep-container-left\"><div class=\"title-sep sep- sep-solid\" style=\"border-color:var(--awb-color7);\"><\/div><\/div><span class=\"awb-title-spacer\"><\/span><h1 class=\"fusion-title-heading title-heading-center fusion-responsive-typography-calculated\" style=\"margin:0;font-size:1em;--fontSize:60;line-height:1.2;\">S\u00e9curit\u00e9 Incendie et Assistance aux Personnes<\/h1><span class=\"awb-title-spacer\"><\/span><div class=\"title-sep-container title-sep-container-right\"><div class=\"title-sep sep- sep-solid\" style=\"border-color:var(--awb-color7);\"><\/div><\/div><\/div><\/div><\/div><\/div><\/div><div class=\"fusion-fullwidth fullwidth-box fusion-builder-row-2 fusion-flex-container has-pattern-background has-mask-background hundred-percent-fullwidth non-hundred-percent-height-scrolling\" style=\"--awb-border-radius-top-left:0px;--awb-border-radius-top-right:0px;--awb-border-radius-bottom-right:0px;--awb-border-radius-bottom-left:0px;--awb-background-color:var(--awb-color2);--awb-background-image:linear-gradient(180deg, hsla(var(--awb-color2-h),var(--awb-color2-s),calc(var(--awb-color2-l) - 5%),calc(var(--awb-color2-a) - 40%)) 0%,hsla(var(--awb-color2-h),var(--awb-color2-s),calc(var(--awb-color2-l) - 5%),calc(var(--awb-color2-a) - 40%)) 100%);--awb-flex-wrap:wrap;\" ><div class=\"fusion-builder-row fusion-row fusion-flex-align-items-flex-start fusion-flex-content-wrap\" style=\"width:104% !important;max-width:104% !important;margin-left: calc(-4% \/ 2 );margin-right: calc(-4% \/ 2 );\"><div class=\"fusion-layout-column fusion_builder_column fusion-builder-column-1 fusion_builder_column_1_2 1_2 fusion-flex-column\" style=\"--awb-bg-size:cover;--awb-width-large:50%;--awb-margin-top-large:0px;--awb-spacing-right-large:3.84%;--awb-margin-bottom-large:0px;--awb-spacing-left-large:3.84%;--awb-width-medium:100%;--awb-order-medium:0;--awb-spacing-right-medium:1.92%;--awb-spacing-left-medium:1.92%;--awb-width-small:100%;--awb-order-small:0;--awb-spacing-right-small:1.92%;--awb-spacing-left-small:1.92%;\"><div class=\"fusion-column-wrapper fusion-column-has-shadow fusion-flex-justify-content-flex-start fusion-content-layout-column\"><div class=\"fusion-separator fusion-full-width-sep\" style=\"align-self: center;margin-left: auto;margin-right: auto;margin-top:50px;width:100%;\"><\/div><div class=\"fusion-image-element \" style=\"text-align:center;--awb-caption-title-font-family:var(--h2_typography-font-family);--awb-caption-title-font-weight:var(--h2_typography-font-weight);--awb-caption-title-font-style:var(--h2_typography-font-style);--awb-caption-title-size:var(--h2_typography-font-size);--awb-caption-title-transform:var(--h2_typography-text-transform);--awb-caption-title-line-height:var(--h2_typography-line-height);--awb-caption-title-letter-spacing:var(--h2_typography-letter-spacing);\"><span class=\" fusion-imageframe imageframe-none imageframe-1 hover-type-none\"><img decoding=\"async\" width=\"997\" height=\"477\" title=\"secu incendie 2\" src=\"https:\/\/spvsecurite.fr\/wp-content\/uploads\/2024\/01\/secu-incendie-2.png\" data-orig-src=\"https:\/\/spvsecurite.fr\/wp-content\/uploads\/2024\/01\/secu-incendie-2.png\" alt class=\"lazyload img-responsive wp-image-1405\" srcset=\"data:image\/svg+xml,%3Csvg%20xmlns%3D%27http%3A%2F%2Fwww.w3.org%2F2000%2Fsvg%27%20width%3D%27997%27%20height%3D%27477%27%20viewBox%3D%270%200%20997%20477%27%3E%3Crect%20width%3D%27997%27%20height%3D%27477%27%20fill-opacity%3D%220%22%2F%3E%3C%2Fsvg%3E\" data-srcset=\"https:\/\/spvsecurite.fr\/wp-content\/uploads\/2024\/01\/secu-incendie-2-200x96.png 200w, https:\/\/spvsecurite.fr\/wp-content\/uploads\/2024\/01\/secu-incendie-2-400x191.png 400w, https:\/\/spvsecurite.fr\/wp-content\/uploads\/2024\/01\/secu-incendie-2-600x287.png 600w, https:\/\/spvsecurite.fr\/wp-content\/uploads\/2024\/01\/secu-incendie-2-800x383.png 800w, https:\/\/spvsecurite.fr\/wp-content\/uploads\/2024\/01\/secu-incendie-2.png 997w\" data-sizes=\"auto\" data-orig-sizes=\"(max-width: 800px) 100vw, (max-width: 640px) 100vw, 600px\" \/><\/span><\/div><\/div><\/div><div class=\"fusion-layout-column fusion_builder_column fusion-builder-column-2 fusion_builder_column_1_2 1_2 fusion-flex-column\" style=\"--awb-bg-size:cover;--awb-width-large:50%;--awb-margin-top-large:0px;--awb-spacing-right-large:3.84%;--awb-margin-bottom-large:0px;--awb-spacing-left-large:3.84%;--awb-width-medium:100%;--awb-order-medium:0;--awb-spacing-right-medium:1.92%;--awb-spacing-left-medium:1.92%;--awb-width-small:100%;--awb-order-small:0;--awb-spacing-right-small:1.92%;--awb-spacing-left-small:1.92%;\" data-motion-effects=\"[{&quot;type&quot;:&quot;&quot;,&quot;scroll_type&quot;:&quot;transition&quot;,&quot;scroll_direction&quot;:&quot;up&quot;,&quot;transition_speed&quot;:&quot;1&quot;,&quot;fade_type&quot;:&quot;in&quot;,&quot;scale_type&quot;:&quot;up&quot;,&quot;initial_scale&quot;:&quot;1&quot;,&quot;max_scale&quot;:&quot;1.5&quot;,&quot;min_scale&quot;:&quot;0.5&quot;,&quot;initial_rotate&quot;:&quot;0&quot;,&quot;end_rotate&quot;:&quot;30&quot;,&quot;initial_blur&quot;:&quot;0&quot;,&quot;end_blur&quot;:&quot;3&quot;,&quot;start_element&quot;:&quot;top&quot;,&quot;start_viewport&quot;:&quot;bottom&quot;,&quot;end_element&quot;:&quot;bottom&quot;,&quot;end_viewport&quot;:&quot;top&quot;,&quot;mouse_effect&quot;:&quot;track&quot;,&quot;mouse_effect_direction&quot;:&quot;opposite&quot;,&quot;mouse_effect_speed&quot;:&quot;2&quot;,&quot;infinite_animation&quot;:&quot;float&quot;,&quot;infinite_animation_speed&quot;:&quot;2&quot;}]\" data-scroll-devices=\"small-visibility,medium-visibility,large-visibility\"><div class=\"fusion-column-wrapper fusion-column-has-shadow fusion-flex-justify-content-center fusion-content-layout-column\"><div class=\"fusion-text fusion-text-1\" style=\"--awb-text-color:var(--awb-color7);\"><h4 style=\"text-align: center; color: #fa225b;\"><strong>Nos comp\u00e9tences \u00e0 votre service<\/strong><\/h4>\n<h6 style=\"text-align: center;\">Pr\u00e9vention des incendies :<\/h6>\n<p style=\"text-align: center;\">Nous sensibilisons aux mesures de pr\u00e9vention.<\/p>\n<h6 style=\"text-align: center;\">Inspection des b\u00e2timents :<\/h6>\n<p style=\"text-align: center;\">Nous v\u00e9rifions r\u00e9guli\u00e8rement la conformit\u00e9 aux normes de s\u00e9curit\u00e9 incendie.<\/p>\n<p style=\"text-align: center;\">Cela inclut la v\u00e9rification des syst\u00e8mes d\u2019alarme, des sorties de secours, des extincteurs et des \u00e9quipements de pr\u00e9vention et de lutte contre les incendies au quotidien.<\/p>\n<\/div><\/div><\/div><\/div><\/div><div class=\"fusion-fullwidth fullwidth-box fusion-builder-row-3 fusion-flex-container has-pattern-background has-mask-background hundred-percent-fullwidth non-hundred-percent-height-scrolling\" style=\"--awb-border-radius-top-left:0px;--awb-border-radius-top-right:0px;--awb-border-radius-bottom-right:0px;--awb-border-radius-bottom-left:0px;--awb-background-color:var(--awb-color2);--awb-background-image:linear-gradient(180deg, hsla(var(--awb-color2-h),var(--awb-color2-s),calc(var(--awb-color2-l) - 5%),calc(var(--awb-color2-a) - 40%)) 0%,hsla(var(--awb-color2-h),var(--awb-color2-s),calc(var(--awb-color2-l) - 5%),calc(var(--awb-color2-a) - 40%)) 100%);--awb-flex-wrap:wrap;\" ><div class=\"fusion-builder-row fusion-row fusion-flex-align-items-flex-start fusion-flex-content-wrap\" style=\"width:104% !important;max-width:104% !important;margin-left: calc(-4% \/ 2 );margin-right: calc(-4% \/ 2 );\"><div class=\"fusion-layout-column fusion_builder_column fusion-builder-column-3 fusion_builder_column_1_2 1_2 fusion-flex-column\" style=\"--awb-bg-size:cover;--awb-width-large:50%;--awb-margin-top-large:0px;--awb-spacing-right-large:3.84%;--awb-margin-bottom-large:0px;--awb-spacing-left-large:3.84%;--awb-width-medium:100%;--awb-order-medium:0;--awb-spacing-right-medium:1.92%;--awb-spacing-left-medium:1.92%;--awb-width-small:100%;--awb-order-small:0;--awb-spacing-right-small:1.92%;--awb-spacing-left-small:1.92%;\" data-motion-effects=\"[{&quot;type&quot;:&quot;&quot;,&quot;scroll_type&quot;:&quot;transition&quot;,&quot;scroll_direction&quot;:&quot;up&quot;,&quot;transition_speed&quot;:&quot;1&quot;,&quot;fade_type&quot;:&quot;in&quot;,&quot;scale_type&quot;:&quot;up&quot;,&quot;initial_scale&quot;:&quot;1&quot;,&quot;max_scale&quot;:&quot;1.5&quot;,&quot;min_scale&quot;:&quot;0.5&quot;,&quot;initial_rotate&quot;:&quot;0&quot;,&quot;end_rotate&quot;:&quot;30&quot;,&quot;initial_blur&quot;:&quot;0&quot;,&quot;end_blur&quot;:&quot;3&quot;,&quot;start_element&quot;:&quot;top&quot;,&quot;start_viewport&quot;:&quot;bottom&quot;,&quot;end_element&quot;:&quot;bottom&quot;,&quot;end_viewport&quot;:&quot;top&quot;,&quot;mouse_effect&quot;:&quot;track&quot;,&quot;mouse_effect_direction&quot;:&quot;opposite&quot;,&quot;mouse_effect_speed&quot;:&quot;2&quot;,&quot;infinite_animation&quot;:&quot;float&quot;,&quot;infinite_animation_speed&quot;:&quot;2&quot;}]\" data-scroll-devices=\"small-visibility,medium-visibility,large-visibility\"><div class=\"fusion-column-wrapper fusion-column-has-shadow fusion-flex-justify-content-center fusion-content-layout-column\"><div class=\"fusion-separator fusion-full-width-sep\" style=\"align-self: center;margin-left: auto;margin-right: auto;margin-top:50px;width:100%;\"><\/div><div class=\"fusion-text fusion-text-2\" style=\"--awb-text-color:var(--awb-color7);\"><h6 style=\"text-align: center;\">Assistance \u00e0 personne :<\/h6>\n<p style=\"text-align: center;\">En cas de besoin nous alertons les services comp\u00e9tents et sommes dans l\u2019attente en mesure de prodiguer les premiers secours.<\/p>\n<h6 style=\"text-align: center;\">Intervention en cas d\u2019incendie :<\/h6>\n<p style=\"text-align: center;\">Notre service de s\u00e9curit\u00e9 incendie se charge de d\u00e9tecter l\u2019incident, d\u2019\u00e9vacuer les personnes en danger et participe \u00e0 l\u2019extinction des flammes. Il travaille en \u00e9troite collaboration avec les services d\u2019urgence tels que les pompiers et la police.<\/p>\n<\/div><\/div><\/div><div class=\"fusion-layout-column fusion_builder_column fusion-builder-column-4 fusion_builder_column_1_2 1_2 fusion-flex-column\" style=\"--awb-bg-size:cover;--awb-width-large:50%;--awb-margin-top-large:0px;--awb-spacing-right-large:3.84%;--awb-margin-bottom-large:0px;--awb-spacing-left-large:3.84%;--awb-width-medium:100%;--awb-order-medium:0;--awb-spacing-right-medium:1.92%;--awb-spacing-left-medium:1.92%;--awb-width-small:100%;--awb-order-small:0;--awb-spacing-right-small:1.92%;--awb-spacing-left-small:1.92%;\"><div class=\"fusion-column-wrapper fusion-column-has-shadow fusion-flex-justify-content-flex-start fusion-content-layout-column\"><div class=\"fusion-separator fusion-full-width-sep\" style=\"align-self: center;margin-left: auto;margin-right: auto;margin-top:50px;width:100%;\"><\/div><div class=\"fusion-image-element \" style=\"text-align:center;--awb-caption-title-font-family:var(--h2_typography-font-family);--awb-caption-title-font-weight:var(--h2_typography-font-weight);--awb-caption-title-font-style:var(--h2_typography-font-style);--awb-caption-title-size:var(--h2_typography-font-size);--awb-caption-title-transform:var(--h2_typography-text-transform);--awb-caption-title-line-height:var(--h2_typography-line-height);--awb-caption-title-letter-spacing:var(--h2_typography-letter-spacing);\"><span class=\" fusion-imageframe imageframe-none imageframe-2 hover-type-none\"><img decoding=\"async\" width=\"1400\" height=\"500\" title=\"secu incendie\" src=\"https:\/\/spvsecurite.fr\/wp-content\/uploads\/2024\/01\/secu-incendie-3.png\" data-orig-src=\"https:\/\/spvsecurite.fr\/wp-content\/uploads\/2024\/01\/secu-incendie-3.png\" alt class=\"lazyload img-responsive wp-image-1510\" srcset=\"data:image\/svg+xml,%3Csvg%20xmlns%3D%27http%3A%2F%2Fwww.w3.org%2F2000%2Fsvg%27%20width%3D%271400%27%20height%3D%27500%27%20viewBox%3D%270%200%201400%20500%27%3E%3Crect%20width%3D%271400%27%20height%3D%27500%27%20fill-opacity%3D%220%22%2F%3E%3C%2Fsvg%3E\" data-srcset=\"https:\/\/spvsecurite.fr\/wp-content\/uploads\/2024\/01\/secu-incendie-3-200x71.png 200w, https:\/\/spvsecurite.fr\/wp-content\/uploads\/2024\/01\/secu-incendie-3-400x143.png 400w, https:\/\/spvsecurite.fr\/wp-content\/uploads\/2024\/01\/secu-incendie-3-600x214.png 600w, https:\/\/spvsecurite.fr\/wp-content\/uploads\/2024\/01\/secu-incendie-3-800x286.png 800w, https:\/\/spvsecurite.fr\/wp-content\/uploads\/2024\/01\/secu-incendie-3-1200x429.png 1200w, https:\/\/spvsecurite.fr\/wp-content\/uploads\/2024\/01\/secu-incendie-3.png 1400w\" data-sizes=\"auto\" data-orig-sizes=\"(max-width: 800px) 100vw, (max-width: 640px) 100vw, 600px\" \/><\/span><\/div><\/div><\/div><\/div><\/div><div class=\"fusion-fullwidth fullwidth-box fusion-builder-row-4 fusion-flex-container has-pattern-background has-mask-background hundred-percent-fullwidth non-hundred-percent-height-scrolling\" style=\"--awb-border-radius-top-left:0px;--awb-border-radius-top-right:0px;--awb-border-radius-bottom-right:0px;--awb-border-radius-bottom-left:0px;--awb-padding-bottom:18vw;--awb-background-color:var(--awb-color2);--awb-background-image:linear-gradient(180deg, hsla(var(--awb-color2-h),var(--awb-color2-s),calc(var(--awb-color2-l) - 5%),calc(var(--awb-color2-a) - 40%)) 0%,hsla(var(--awb-color2-h),var(--awb-color2-s),calc(var(--awb-color2-l) - 5%),calc(var(--awb-color2-a) - 40%)) 100%);--awb-flex-wrap:wrap;\" ><div class=\"fusion-builder-row fusion-row fusion-flex-align-items-flex-start fusion-flex-content-wrap\" style=\"width:104% !important;max-width:104% !important;margin-left: calc(-4% \/ 2 );margin-right: calc(-4% \/ 2 );\"><div class=\"fusion-layout-column fusion_builder_column fusion-builder-column-5 fusion_builder_column_1_1 1_1 fusion-flex-column\" style=\"--awb-bg-size:cover;--awb-width-large:100%;--awb-margin-top-large:0px;--awb-spacing-right-large:1.92%;--awb-margin-bottom-large:0px;--awb-spacing-left-large:1.92%;--awb-width-medium:100%;--awb-order-medium:0;--awb-spacing-right-medium:1.92%;--awb-spacing-left-medium:1.92%;--awb-width-small:100%;--awb-order-small:0;--awb-spacing-right-small:1.92%;--awb-spacing-left-small:1.92%;\" data-motion-effects=\"[{&quot;type&quot;:&quot;&quot;,&quot;scroll_type&quot;:&quot;transition&quot;,&quot;scroll_direction&quot;:&quot;up&quot;,&quot;transition_speed&quot;:&quot;1&quot;,&quot;fade_type&quot;:&quot;in&quot;,&quot;scale_type&quot;:&quot;up&quot;,&quot;initial_scale&quot;:&quot;1&quot;,&quot;max_scale&quot;:&quot;1.5&quot;,&quot;min_scale&quot;:&quot;0.5&quot;,&quot;initial_rotate&quot;:&quot;0&quot;,&quot;end_rotate&quot;:&quot;30&quot;,&quot;initial_blur&quot;:&quot;0&quot;,&quot;end_blur&quot;:&quot;3&quot;,&quot;start_element&quot;:&quot;top&quot;,&quot;start_viewport&quot;:&quot;bottom&quot;,&quot;end_element&quot;:&quot;bottom&quot;,&quot;end_viewport&quot;:&quot;top&quot;,&quot;mouse_effect&quot;:&quot;track&quot;,&quot;mouse_effect_direction&quot;:&quot;opposite&quot;,&quot;mouse_effect_speed&quot;:&quot;2&quot;,&quot;infinite_animation&quot;:&quot;float&quot;,&quot;infinite_animation_speed&quot;:&quot;2&quot;}]\" data-scroll-devices=\"small-visibility,medium-visibility,large-visibility\"><div class=\"fusion-column-wrapper fusion-column-has-shadow fusion-flex-justify-content-center fusion-content-layout-column\"><div class=\"fusion-separator fusion-full-width-sep\" style=\"align-self: center;margin-left: auto;margin-right: auto;margin-top:50px;width:100%;\"><\/div><div class=\"fusion-text fusion-text-3\" style=\"--awb-text-color:var(--awb-color7);\"><p style=\"text-align: center;\"><em>Il est important de noter que ces\u00a0prestations\u00a0peuvent varier en fonction de l\u2019environnement du lieu d\u2019exercice.<\/em><\/p>\n<\/div><\/div><\/div><\/div><\/div><\/p>\n","protected":false},"excerpt":{"rendered":"","protected":false},"author":1,"featured_media":0,"parent":0,"menu_order":0,"comment_status":"closed","ping_status":"closed","template":"100-width.php","meta":{"footnotes":""},"class_list":["post-1290","page","type-page","status-publish","hentry"],"yoast_head":"<!-- This site is optimized with the Yoast SEO plugin v27.5 - https:\/\/yoast.com\/product\/yoast-seo-wordpress\/ -->\n<title>S\u00e9curit\u00e9 incendie, Protection incendie en Nouvelle-Aquitaine<\/title>\n<meta name=\"description\" content=\"Agents SSIAP qualifi\u00e9s pour la s\u00e9curit\u00e9 incendie de vos \u00e9tablissements en Nouvelle-Aquitaine. SPV S\u00e9curit\u00e9, votre partenaire pr\u00e9vention et protection incendie.\" \/>\n<meta name=\"robots\" content=\"index, follow, max-snippet:-1, max-image-preview:large, max-video-preview:-1\" \/>\n<link rel=\"canonical\" href=\"https:\/\/spvsecurite.fr\/index.php\/securite-incendie\/\" \/>\n<meta property=\"og:locale\" content=\"fr_FR\" \/>\n<meta property=\"og:type\" content=\"article\" \/>\n<meta property=\"og:title\" content=\"S\u00e9curit\u00e9 incendie, Protection incendie en Nouvelle-Aquitaine\" \/>\n<meta property=\"og:description\" content=\"Agents SSIAP qualifi\u00e9s pour la s\u00e9curit\u00e9 incendie de vos \u00e9tablissements en Nouvelle-Aquitaine. SPV S\u00e9curit\u00e9, votre partenaire pr\u00e9vention et protection incendie.\" \/>\n<meta property=\"og:url\" content=\"https:\/\/spvsecurite.fr\/index.php\/securite-incendie\/\" \/>\n<meta property=\"og:site_name\" content=\"SPV S\u00e9curit\u00e9\" \/>\n<meta property=\"article:modified_time\" content=\"2026-02-26T11:34:46+00:00\" \/>\n<meta name=\"twitter:card\" content=\"summary_large_image\" \/>\n<meta name=\"twitter:label1\" content=\"Dur\u00e9e de lecture estim\u00e9e\" \/>\n\t<meta name=\"twitter:data1\" content=\"2 minutes\" \/>\n<script type=\"application\/ld+json\" class=\"yoast-schema-graph\">{\"@context\":\"https:\\\/\\\/schema.org\",\"@graph\":[{\"@type\":\"WebPage\",\"@id\":\"https:\\\/\\\/spvsecurite.fr\\\/index.php\\\/securite-incendie\\\/\",\"url\":\"https:\\\/\\\/spvsecurite.fr\\\/index.php\\\/securite-incendie\\\/\",\"name\":\"S\u00e9curit\u00e9 incendie, Protection incendie en Nouvelle-Aquitaine\",\"isPartOf\":{\"@id\":\"https:\\\/\\\/spvsecurite.fr\\\/#website\"},\"datePublished\":\"2024-01-10T15:48:57+00:00\",\"dateModified\":\"2026-02-26T11:34:46+00:00\",\"description\":\"Agents SSIAP qualifi\u00e9s pour la s\u00e9curit\u00e9 incendie de vos \u00e9tablissements en Nouvelle-Aquitaine. SPV S\u00e9curit\u00e9, votre partenaire pr\u00e9vention et protection incendie.\",\"breadcrumb\":{\"@id\":\"https:\\\/\\\/spvsecurite.fr\\\/index.php\\\/securite-incendie\\\/#breadcrumb\"},\"inLanguage\":\"fr-FR\",\"potentialAction\":[{\"@type\":\"ReadAction\",\"target\":[\"https:\\\/\\\/spvsecurite.fr\\\/index.php\\\/securite-incendie\\\/\"]}]},{\"@type\":\"BreadcrumbList\",\"@id\":\"https:\\\/\\\/spvsecurite.fr\\\/index.php\\\/securite-incendie\\\/#breadcrumb\",\"itemListElement\":[{\"@type\":\"ListItem\",\"position\":1,\"name\":\"Accueil\",\"item\":\"https:\\\/\\\/spvsecurite.fr\\\/\"},{\"@type\":\"ListItem\",\"position\":2,\"name\":\"S\u00e9curit\u00e9 incendie\"}]},{\"@type\":\"WebSite\",\"@id\":\"https:\\\/\\\/spvsecurite.fr\\\/#website\",\"url\":\"https:\\\/\\\/spvsecurite.fr\\\/\",\"name\":\"SPV S\u00e9curit\u00e9\",\"description\":\"\",\"publisher\":{\"@id\":\"https:\\\/\\\/spvsecurite.fr\\\/#organization\"},\"potentialAction\":[{\"@type\":\"SearchAction\",\"target\":{\"@type\":\"EntryPoint\",\"urlTemplate\":\"https:\\\/\\\/spvsecurite.fr\\\/?s={search_term_string}\"},\"query-input\":{\"@type\":\"PropertyValueSpecification\",\"valueRequired\":true,\"valueName\":\"search_term_string\"}}],\"inLanguage\":\"fr-FR\"},{\"@type\":\"Organization\",\"@id\":\"https:\\\/\\\/spvsecurite.fr\\\/#organization\",\"name\":\"SPV S\u00e9curit\u00e9\",\"url\":\"https:\\\/\\\/spvsecurite.fr\\\/\",\"logo\":{\"@type\":\"ImageObject\",\"inLanguage\":\"fr-FR\",\"@id\":\"https:\\\/\\\/spvsecurite.fr\\\/#\\\/schema\\\/logo\\\/image\\\/\",\"url\":\"https:\\\/\\\/spvsecurite.fr\\\/wp-content\\\/uploads\\\/2023\\\/12\\\/Logo.jpg\",\"contentUrl\":\"https:\\\/\\\/spvsecurite.fr\\\/wp-content\\\/uploads\\\/2023\\\/12\\\/Logo.jpg\",\"width\":612,\"height\":792,\"caption\":\"SPV S\u00e9curit\u00e9\"},\"image\":{\"@id\":\"https:\\\/\\\/spvsecurite.fr\\\/#\\\/schema\\\/logo\\\/image\\\/\"}}]}<\/script>\n<!-- \/ Yoast SEO plugin. -->","yoast_head_json":{"title":"S\u00e9curit\u00e9 incendie, Protection incendie en Nouvelle-Aquitaine","description":"Agents SSIAP qualifi\u00e9s pour la s\u00e9curit\u00e9 incendie de vos \u00e9tablissements en Nouvelle-Aquitaine. SPV S\u00e9curit\u00e9, votre partenaire pr\u00e9vention et protection incendie.","robots":{"index":"index","follow":"follow","max-snippet":"max-snippet:-1","max-image-preview":"max-image-preview:large","max-video-preview":"max-video-preview:-1"},"canonical":"https:\/\/spvsecurite.fr\/index.php\/securite-incendie\/","og_locale":"fr_FR","og_type":"article","og_title":"S\u00e9curit\u00e9 incendie, Protection incendie en Nouvelle-Aquitaine","og_description":"Agents SSIAP qualifi\u00e9s pour la s\u00e9curit\u00e9 incendie de vos \u00e9tablissements en Nouvelle-Aquitaine. SPV S\u00e9curit\u00e9, votre partenaire pr\u00e9vention et protection incendie.","og_url":"https:\/\/spvsecurite.fr\/index.php\/securite-incendie\/","og_site_name":"SPV S\u00e9curit\u00e9","article_modified_time":"2026-02-26T11:34:46+00:00","twitter_card":"summary_large_image","twitter_misc":{"Dur\u00e9e de lecture estim\u00e9e":"2 minutes"},"schema":{"@context":"https:\/\/schema.org","@graph":[{"@type":"WebPage","@id":"https:\/\/spvsecurite.fr\/index.php\/securite-incendie\/","url":"https:\/\/spvsecurite.fr\/index.php\/securite-incendie\/","name":"S\u00e9curit\u00e9 incendie, Protection incendie en Nouvelle-Aquitaine","isPartOf":{"@id":"https:\/\/spvsecurite.fr\/#website"},"datePublished":"2024-01-10T15:48:57+00:00","dateModified":"2026-02-26T11:34:46+00:00","description":"Agents SSIAP qualifi\u00e9s pour la s\u00e9curit\u00e9 incendie de vos \u00e9tablissements en Nouvelle-Aquitaine. SPV S\u00e9curit\u00e9, votre partenaire pr\u00e9vention et protection incendie.","breadcrumb":{"@id":"https:\/\/spvsecurite.fr\/index.php\/securite-incendie\/#breadcrumb"},"inLanguage":"fr-FR","potentialAction":[{"@type":"ReadAction","target":["https:\/\/spvsecurite.fr\/index.php\/securite-incendie\/"]}]},{"@type":"BreadcrumbList","@id":"https:\/\/spvsecurite.fr\/index.php\/securite-incendie\/#breadcrumb","itemListElement":[{"@type":"ListItem","position":1,"name":"Accueil","item":"https:\/\/spvsecurite.fr\/"},{"@type":"ListItem","position":2,"name":"S\u00e9curit\u00e9 incendie"}]},{"@type":"WebSite","@id":"https:\/\/spvsecurite.fr\/#website","url":"https:\/\/spvsecurite.fr\/","name":"SPV S\u00e9curit\u00e9","description":"","publisher":{"@id":"https:\/\/spvsecurite.fr\/#organization"},"potentialAction":[{"@type":"SearchAction","target":{"@type":"EntryPoint","urlTemplate":"https:\/\/spvsecurite.fr\/?s={search_term_string}"},"query-input":{"@type":"PropertyValueSpecification","valueRequired":true,"valueName":"search_term_string"}}],"inLanguage":"fr-FR"},{"@type":"Organization","@id":"https:\/\/spvsecurite.fr\/#organization","name":"SPV S\u00e9curit\u00e9","url":"https:\/\/spvsecurite.fr\/","logo":{"@type":"ImageObject","inLanguage":"fr-FR","@id":"https:\/\/spvsecurite.fr\/#\/schema\/logo\/image\/","url":"https:\/\/spvsecurite.fr\/wp-content\/uploads\/2023\/12\/Logo.jpg","contentUrl":"https:\/\/spvsecurite.fr\/wp-content\/uploads\/2023\/12\/Logo.jpg","width":612,"height":792,"caption":"SPV S\u00e9curit\u00e9"},"image":{"@id":"https:\/\/spvsecurite.fr\/#\/schema\/logo\/image\/"}}]}},"_links":{"self":[{"href":"https:\/\/spvsecurite.fr\/index.php\/wp-json\/wp\/v2\/pages\/1290","targetHints":{"allow":["GET"]}}],"collection":[{"href":"https:\/\/spvsecurite.fr\/index.php\/wp-json\/wp\/v2\/pages"}],"about":[{"href":"https:\/\/spvsecurite.fr\/index.php\/wp-json\/wp\/v2\/types\/page"}],"author":[{"embeddable":true,"href":"https:\/\/spvsecurite.fr\/index.php\/wp-json\/wp\/v2\/users\/1"}],"replies":[{"embeddable":true,"href":"https:\/\/spvsecurite.fr\/index.php\/wp-json\/wp\/v2\/comments?post=1290"}],"version-history":[{"count":26,"href":"https:\/\/spvsecurite.fr\/index.php\/wp-json\/wp\/v2\/pages\/1290\/revisions"}],"predecessor-version":[{"id":1689,"href":"https:\/\/spvsecurite.fr\/index.php\/wp-json\/wp\/v2\/pages\/1290\/revisions\/1689"}],"wp:attachment":[{"href":"https:\/\/spvsecurite.fr\/index.php\/wp-json\/wp\/v2\/media?parent=1290"}],"curies":[{"name":"wp","href":"https:\/\/api.w.org\/{rel}","templated":true}]}}